{"id":269,"date":"2021-11-19T17:12:03","date_gmt":"2021-11-19T16:12:03","guid":{"rendered":"https:\/\/www.remo-recycling.ch\/?page_id=269"},"modified":"2023-01-12T21:25:56","modified_gmt":"2023-01-12T20:25:56","slug":"offre","status":"publish","type":"page","link":"https:\/\/www.remo-recycling.ch\/fr\/","title":{"rendered":"Remo \u2013 Recycling"},"content":{"rendered":"\n<div class=\"wp-block-group alignfull has-white-background-color has-background\"><div class=\"wp-block-group__inner-container is-layout-flow wp-block-group-is-layout-flow\">\n<div class=\"wp-block-group\"><div class=\"wp-block-group__inner-container is-layout-flow wp-block-group-is-layout-flow\">\n<h2 class=\"wp-block-heading\">Centre de tri: tier, traiter, recycler<\/h2>\n\n\n\n<p class=\"lead\">Remo Recycling S.A. trie les d\u00e9chets de construction et les objets encombrants et les pr\u00e9pare au recyclage \u2013 un maillon important du cycle de recyclage de notre r\u00e9gion.<\/p>\n\n\n\n<div class=\"wp-block-media-text alignwide is-stacked-on-mobile is-vertically-aligned-top hurni-media-text\" style=\"grid-template-columns:35% auto\"><figure class=\"wp-block-media-text__media\"><img loading=\"lazy\" decoding=\"async\" width=\"400\" height=\"300\" src=\"\/wp-content\/uploads\/sites\/6\/2022\/12\/Remo_recyklieren.jpg\" alt=\"\" class=\"wp-image-368 size-full\" srcset=\"https:\/\/www.remo-recycling.ch\/wp-content\/uploads\/sites\/6\/2022\/12\/Remo_recyklieren.jpg 400w, https:\/\/www.remo-recycling.ch\/wp-content\/uploads\/sites\/6\/2022\/12\/Remo_recyklieren-300x225.jpg 300w\" sizes=\"auto, (max-width: 400px) 100vw, 400px\" \/><\/figure><div class=\"wp-block-media-text__content\">\n<h3 class=\"wp-block-heading\">Recycler au lieu de mettre en d\u00e9charge<\/h3>\n\n\n\n<p>Chaque mat\u00e9riau, aussi petit soit-il, que nous trions et recyclons, ne finit pas dans la d\u00e9charge et prot\u00e8ge ainsi l\u2019environnement.<\/p>\n<\/div><\/div>\n\n\n\n<div class=\"wp-block-media-text alignwide is-stacked-on-mobile is-vertically-aligned-top hurni-media-text\" style=\"grid-template-columns:35% auto\"><figure class=\"wp-block-media-text__media\"><img loading=\"lazy\" decoding=\"async\" width=\"400\" height=\"300\" src=\"\/wp-content\/uploads\/sites\/6\/2021\/12\/Remo2.jpg\" alt=\"\" class=\"wp-image-46 size-full\" srcset=\"https:\/\/www.remo-recycling.ch\/wp-content\/uploads\/sites\/6\/2021\/12\/Remo2.jpg 400w, https:\/\/www.remo-recycling.ch\/wp-content\/uploads\/sites\/6\/2021\/12\/Remo2-300x225.jpg 300w\" sizes=\"auto, (max-width: 400px) 100vw, 400px\" \/><\/figure><div class=\"wp-block-media-text__content\">\n<h3 class=\"wp-block-heading\">Chauffer au lieu de jeter<\/h3>\n\n\n\n<p>Dans installation de copeaux de bois, les d\u00e9chets de bois sont transform\u00e9s en copeaux de bois combustibles de toutes tailles, qui lib\u00e8rent une \u00e9nergie pr\u00e9cieuse dans les syst\u00e8mes de chauffage industriels au bois.<\/p>\n<\/div><\/div>\n\n\n\n<div class=\"wp-block-media-text alignwide is-stacked-on-mobile is-vertically-aligned-top hurni-media-text\" style=\"grid-template-columns:35% auto\"><figure class=\"wp-block-media-text__media\"><img loading=\"lazy\" decoding=\"async\" width=\"400\" height=\"300\" src=\"\/wp-content\/uploads\/sites\/6\/2021\/12\/Remo3-1.jpg\" alt=\"\" class=\"wp-image-48 size-full\" srcset=\"https:\/\/www.remo-recycling.ch\/wp-content\/uploads\/sites\/6\/2021\/12\/Remo3-1.jpg 400w, https:\/\/www.remo-recycling.ch\/wp-content\/uploads\/sites\/6\/2021\/12\/Remo3-1-300x225.jpg 300w\" sizes=\"auto, (max-width: 400px) 100vw, 400px\" \/><\/figure><div class=\"wp-block-media-text__content\">\n<h3 class=\"wp-block-heading\">B\u00e9ton, fen\u00eatres et traverses de chemin de fer<\/h3>\n\n\n\n<p>Des tonnes et tonnes de d\u00e9chets combustibles, de gravats de construction, de traverses de chemin de fer, de bois br\u00fbl\u00e9, de bois flottant, de fen\u00eatres, de tuiles et de b\u00e9ton sont recycl\u00e9s chez nous.<\/p>\n<\/div><\/div>\n<\/div><\/div>\n<\/div><\/div>\n","protected":false},"excerpt":{"rendered":"<p>Centre de tri: tier, traiter, recycler Remo Recycling S.A. trie les d\u00e9chets de construction et les objets encombrants et les pr\u00e9pare au recyclage \u2013 un&hellip;<\/p>\n","protected":false},"author":2,"featured_media":190,"parent":0,"menu_order":100,"comment_status":"closed","ping_status":"closed","template":"","meta":{"inline_featured_image":false,"_uag_custom_page_level_css":"","pgc_sgb_lightbox_settings":"","footnotes":""},"class_list":["post-269","page","type-page","status-publish","has-post-thumbnail","hentry"],"aioseo_notices":[],"uagb_featured_image_src":{"full":["https:\/\/www.remo-recycling.ch\/wp-content\/uploads\/sites\/6\/2021\/12\/header3-1-scaled.jpg",2560,853,false],"thumbnail":["https:\/\/www.remo-recycling.ch\/wp-content\/uploads\/sites\/6\/2021\/12\/header3-1-150x150.jpg",150,150,true],"medium":["https:\/\/www.remo-recycling.ch\/wp-content\/uploads\/sites\/6\/2021\/12\/header3-1-300x100.jpg",300,100,true],"medium_large":["https:\/\/www.remo-recycling.ch\/wp-content\/uploads\/sites\/6\/2021\/12\/header3-1-768x256.jpg",768,256,true],"large":["https:\/\/www.remo-recycling.ch\/wp-content\/uploads\/sites\/6\/2021\/12\/header3-1-1024x341.jpg",843,281,true],"1536x1536":["https:\/\/www.remo-recycling.ch\/wp-content\/uploads\/sites\/6\/2021\/12\/header3-1-1536x512.jpg",1536,512,true],"2048x2048":["https:\/\/www.remo-recycling.ch\/wp-content\/uploads\/sites\/6\/2021\/12\/header3-1-2048x683.jpg",2048,683,true]},"uagb_author_info":{"display_name":"gffh","author_link":"https:\/\/www.remo-recycling.ch\/fr\/author\/gffh\/"},"uagb_comment_info":0,"uagb_excerpt":"Centre de tri: tier, traiter, recycler Remo Recycling S.A. trie les d\u00e9chets de construction et les objets encombrants et les pr\u00e9pare au recyclage \u2013 un&hellip;","_links":{"self":[{"href":"https:\/\/www.remo-recycling.ch\/fr\/wp-json\/wp\/v2\/pages\/269","targetHints":{"allow":["GET"]}}],"collection":[{"href":"https:\/\/www.remo-recycling.ch\/fr\/wp-json\/wp\/v2\/pages"}],"about":[{"href":"https:\/\/www.remo-recycling.ch\/fr\/wp-json\/wp\/v2\/types\/page"}],"author":[{"embeddable":true,"href":"https:\/\/www.remo-recycling.ch\/fr\/wp-json\/wp\/v2\/users\/2"}],"replies":[{"embeddable":true,"href":"https:\/\/www.remo-recycling.ch\/fr\/wp-json\/wp\/v2\/comments?post=269"}],"version-history":[{"count":5,"href":"https:\/\/www.remo-recycling.ch\/fr\/wp-json\/wp\/v2\/pages\/269\/revisions"}],"predecessor-version":[{"id":440,"href":"https:\/\/www.remo-recycling.ch\/fr\/wp-json\/wp\/v2\/pages\/269\/revisions\/440"}],"wp:featuredmedia":[{"embeddable":true,"href":"https:\/\/www.remo-recycling.ch\/fr\/wp-json\/wp\/v2\/media\/190"}],"wp:attachment":[{"href":"https:\/\/www.remo-recycling.ch\/fr\/wp-json\/wp\/v2\/media?parent=269"}],"curies":[{"name":"wp","href":"https:\/\/api.w.org\/{rel}","templated":true}]}}