{"id":271,"date":"2022-01-11T16:56:23","date_gmt":"2022-01-11T15:56:23","guid":{"rendered":"https:\/\/www.remo-recycling.ch\/?page_id=271"},"modified":"2022-12-15T14:41:17","modified_gmt":"2022-12-15T13:41:17","slug":"notre-profil","status":"publish","type":"page","link":"https:\/\/www.remo-recycling.ch\/fr\/notre-profil\/","title":{"rendered":"Notre profil"},"content":{"rendered":"\n<div class=\"wp-block-group alignfull has-white-background-color has-background\"><div class=\"wp-block-group__inner-container is-layout-flow wp-block-group-is-layout-flow\">\n<div class=\"wp-block-group alignfull\"><div class=\"wp-block-group__inner-container is-layout-flow wp-block-group-is-layout-flow\">\n<h2 class=\"wp-block-heading\">S\u00e9parer, traiter, recycler \u2013 depuis 1987<\/h2>\n\n\n\n<p class=\"lead\">L\u2019entreprise Remo Recycling S.A. trie des d\u00e9chets de construction et des mat\u00e9riaux encombrants, et les traitent pour le recyclage \u2013 un maillon important du cycle de recyclage dans notre r\u00e9gion.<\/p>\n\n\n\n<div class=\"wp-block-media-text alignwide is-stacked-on-mobile is-vertically-aligned-top hurni-media-text\" style=\"grid-template-columns:35% auto\"><figure class=\"wp-block-media-text__media\"><img loading=\"lazy\" decoding=\"async\" width=\"400\" height=\"300\" src=\"\/wp-content\/uploads\/sites\/6\/2022\/01\/1_Remo_U\u0308ber-uns_MOS9050.jpg\" alt=\"\" class=\"wp-image-139 size-full\" srcset=\"https:\/\/www.remo-recycling.ch\/wp-content\/uploads\/sites\/6\/2022\/01\/1_Remo_U\u0308ber-uns_MOS9050.jpg 400w, https:\/\/www.remo-recycling.ch\/wp-content\/uploads\/sites\/6\/2022\/01\/1_Remo_U\u0308ber-uns_MOS9050-300x225.jpg 300w\" sizes=\"auto, (max-width: 400px) 100vw, 400px\" \/><\/figure><div class=\"wp-block-media-text__content\">\n<h3 class=\"wp-block-heading\">Recycler ce qui peut \u00eatre r\u00e9utilis\u00e9<\/h3>\n\n\n\n<p>Depuis 1987, l\u2019entreprise Remo Recycling S.A. \u00e0 Br\u00fcgg garantit que la plus grande proportion possible de d\u00e9chets de construction m\u00e9lang\u00e9s et de mat\u00e9riauxencombrants peuvent \u00eatre recycl\u00e9s ou utilis\u00e9s comme pr\u00e9cieux combustible. Cela est possible gr\u00e2ce au syst\u00e8me de tri et \u00e0 une pelleteuse \u00e9lectrique \u00e9quip\u00e9e d\u2019un grappin sp\u00e9cial.<\/p>\n<\/div><\/div>\n\n\n\n<div class=\"wp-block-media-text alignwide is-stacked-on-mobile is-vertically-aligned-top hurni-media-text\" style=\"grid-template-columns:35% auto\"><figure class=\"wp-block-media-text__media\"><img loading=\"lazy\" decoding=\"async\" width=\"400\" height=\"300\" src=\"\/wp-content\/uploads\/sites\/6\/2022\/01\/2_Remo_U\u0308ber-uns_MOS9164.jpg\" alt=\"\" class=\"wp-image-140 size-full\" srcset=\"https:\/\/www.remo-recycling.ch\/wp-content\/uploads\/sites\/6\/2022\/01\/2_Remo_U\u0308ber-uns_MOS9164.jpg 400w, https:\/\/www.remo-recycling.ch\/wp-content\/uploads\/sites\/6\/2022\/01\/2_Remo_U\u0308ber-uns_MOS9164-300x225.jpg 300w\" sizes=\"auto, (max-width: 400px) 100vw, 400px\" \/><\/figure><div class=\"wp-block-media-text__content\">\n<h3 class=\"wp-block-heading\">Mat\u00e9riau combustible pr\u00e9cieux<\/h3>\n\n\n\n<p>Dans l\u2019installation de copeaux de bois, des copeaux combustibles de toutes les tailles et textures souhait\u00e9es sont produits pour \u00eatre utilis\u00e9s dans la combustion de bois industrielle et remplacer ainsi de pr\u00e9cieux combustibles fossiles. Le d\u00e9p\u00f4t dans une d\u00e9charge doit \u00eatre limit\u00e9 au strict n\u00e9cessaire gr\u00e2ce au tri et au recyclage.<\/p>\n<\/div><\/div>\n\n\n\n<div class=\"wp-block-media-text alignwide is-stacked-on-mobile is-vertically-aligned-top hurni-media-text\" style=\"grid-template-columns:35% auto\"><figure class=\"wp-block-media-text__media\"><img loading=\"lazy\" decoding=\"async\" width=\"400\" height=\"300\" src=\"\/wp-content\/uploads\/sites\/6\/2022\/01\/3_Remo_U\u0308ber-uns_MOS6440.jpg\" alt=\"\" class=\"wp-image-141 size-full\" srcset=\"https:\/\/www.remo-recycling.ch\/wp-content\/uploads\/sites\/6\/2022\/01\/3_Remo_U\u0308ber-uns_MOS6440.jpg 400w, https:\/\/www.remo-recycling.ch\/wp-content\/uploads\/sites\/6\/2022\/01\/3_Remo_U\u0308ber-uns_MOS6440-300x225.jpg 300w\" sizes=\"auto, (max-width: 400px) 100vw, 400px\" \/><\/figure><div class=\"wp-block-media-text__content\">\n<h3 class=\"wp-block-heading\">Trois semi-remorques pour les vieux papiers<\/h3>\n\n\n\n<p>En outre, l\u2019entreprise Remo Recycling S.A. accepte \u00e9galement les vieux papiers de la ville de Bienne depuis pr\u00e8s de 10 ans pour les recycler. 60 \u00e0 100 tonnes sont accumul\u00e9s chaque semaine, ce qui correspond \u00e0 un volume de chargement de trois semi-remorques.<\/p>\n<\/div><\/div>\n<\/div><\/div>\n<\/div><\/div>\n","protected":false},"excerpt":{"rendered":"<p>S\u00e9parer, traiter, recycler \u2013 depuis 1987 L\u2019entreprise Remo Recycling S.A. trie des d\u00e9chets de construction et des mat\u00e9riaux encombrants, et les traitent pour le recyclage&hellip;<\/p>\n","protected":false},"author":2,"featured_media":372,"parent":0,"menu_order":200,"comment_status":"closed","ping_status":"closed","template":"","meta":{"inline_featured_image":false,"_uag_custom_page_level_css":"","pgc_sgb_lightbox_settings":"","footnotes":""},"class_list":["post-271","page","type-page","status-publish","has-post-thumbnail","hentry"],"aioseo_notices":[],"uagb_featured_image_src":{"full":["https:\/\/www.remo-recycling.ch\/wp-content\/uploads\/sites\/6\/2022\/12\/Header_Remo_UeberUns.jpg",1500,600,false],"thumbnail":["https:\/\/www.remo-recycling.ch\/wp-content\/uploads\/sites\/6\/2022\/12\/Header_Remo_UeberUns-150x150.jpg",150,150,true],"medium":["https:\/\/www.remo-recycling.ch\/wp-content\/uploads\/sites\/6\/2022\/12\/Header_Remo_UeberUns-300x120.jpg",300,120,true],"medium_large":["https:\/\/www.remo-recycling.ch\/wp-content\/uploads\/sites\/6\/2022\/12\/Header_Remo_UeberUns-768x307.jpg",768,307,true],"large":["https:\/\/www.remo-recycling.ch\/wp-content\/uploads\/sites\/6\/2022\/12\/Header_Remo_UeberUns-1024x410.jpg",843,338,true],"1536x1536":["https:\/\/www.remo-recycling.ch\/wp-content\/uploads\/sites\/6\/2022\/12\/Header_Remo_UeberUns.jpg",1500,600,false],"2048x2048":["https:\/\/www.remo-recycling.ch\/wp-content\/uploads\/sites\/6\/2022\/12\/Header_Remo_UeberUns.jpg",1500,600,false]},"uagb_author_info":{"display_name":"gffh","author_link":"https:\/\/www.remo-recycling.ch\/fr\/author\/gffh\/"},"uagb_comment_info":0,"uagb_excerpt":"S\u00e9parer, traiter, recycler \u2013 depuis 1987 L\u2019entreprise Remo Recycling S.A. trie des d\u00e9chets de construction et des mat\u00e9riaux encombrants, et les traitent pour le recyclage&hellip;","_links":{"self":[{"href":"https:\/\/www.remo-recycling.ch\/fr\/wp-json\/wp\/v2\/pages\/271","targetHints":{"allow":["GET"]}}],"collection":[{"href":"https:\/\/www.remo-recycling.ch\/fr\/wp-json\/wp\/v2\/pages"}],"about":[{"href":"https:\/\/www.remo-recycling.ch\/fr\/wp-json\/wp\/v2\/types\/page"}],"author":[{"embeddable":true,"href":"https:\/\/www.remo-recycling.ch\/fr\/wp-json\/wp\/v2\/users\/2"}],"replies":[{"embeddable":true,"href":"https:\/\/www.remo-recycling.ch\/fr\/wp-json\/wp\/v2\/comments?post=271"}],"version-history":[{"count":7,"href":"https:\/\/www.remo-recycling.ch\/fr\/wp-json\/wp\/v2\/pages\/271\/revisions"}],"predecessor-version":[{"id":389,"href":"https:\/\/www.remo-recycling.ch\/fr\/wp-json\/wp\/v2\/pages\/271\/revisions\/389"}],"wp:featuredmedia":[{"embeddable":true,"href":"https:\/\/www.remo-recycling.ch\/fr\/wp-json\/wp\/v2\/media\/372"}],"wp:attachment":[{"href":"https:\/\/www.remo-recycling.ch\/fr\/wp-json\/wp\/v2\/media?parent=271"}],"curies":[{"name":"wp","href":"https:\/\/api.w.org\/{rel}","templated":true}]}}