{"id":278,"date":"2021-12-09T00:15:49","date_gmt":"2021-12-08T23:15:49","guid":{"rendered":"https:\/\/www.remo-recycling.ch\/?page_id=278"},"modified":"2023-01-12T21:23:56","modified_gmt":"2023-01-12T20:23:56","slug":"impressum","status":"publish","type":"page","link":"https:\/\/www.remo-recycling.ch\/fr\/impressum\/","title":{"rendered":"Impressum"},"content":{"rendered":"\n<div class=\"wp-block-group alignfull has-white-background-color has-background\"><div class=\"wp-block-group__inner-container is-layout-flow wp-block-group-is-layout-flow\">\n<div class=\"wp-block-group\"><div class=\"wp-block-group__inner-container is-layout-flow wp-block-group-is-layout-flow\">\n<div class=\"wp-block-columns is-layout-flex wp-container-core-columns-is-layout-9d6595d7 wp-block-columns-is-layout-flex\">\n<div class=\"wp-block-column is-layout-flow wp-block-column-is-layout-flow\">\n<p><strong><strong>Remo Recycling AG<\/strong><br><\/strong>Portstrasse 40<br>2555 Br\u00fcgg<\/p>\n<\/div>\n\n\n\n<div class=\"wp-block-column is-layout-flow wp-block-column-is-layout-flow\">\n<p><strong>Gestion de projet<br><\/strong>GebelGebel, B\u00fcro f\u00fcr \u00d6ffentlichkeitsarbeit, Biel\/Bienne<br><a href=\"http:\/\/www.gebel.ch\">www.gebel.ch<\/a><\/p>\n\n\n\n<p><strong>R\u00e9daction<\/strong><br>Ronny Kummer Kommunikation, Bern<br><a href=\"http:\/\/www.ronnykummer.ch\" target=\"_blank\" rel=\"noreferrer noopener\">www.ronnykummer.ch<\/a><\/p>\n\n\n\n<p><strong>Conception graphique et programmation<\/strong><br>GFF Integrative Kommunikation GmbH<br><a href=\"http:\/\/www.gff.ch\" target=\"_blank\" rel=\"noreferrer noopener\">www.gff.ch<\/a><\/p>\n<\/div>\n<\/div>\n<\/div><\/div>\n<\/div><\/div>\n\n\n\n<div class=\"wp-block-group alignfull has-gray-light-background-color has-background\"><div class=\"wp-block-group__inner-container is-layout-flow wp-block-group-is-layout-flow\">\n<div class=\"wp-block-group\"><div class=\"wp-block-group__inner-container is-layout-flow wp-block-group-is-layout-flow\">\n<h2 class=\"wp-block-heading\">D\u00e9claration de confidentialit\u00e9<\/h2>\n\n\n\n<div data-wp-interactive=\"core\/file\" class=\"wp-block-file\"><object data-wp-bind--hidden=\"!state.hasPdfPreview\" hidden class=\"wp-block-file__embed\" data=\"https:\/\/www.remo-recycling.ch\/wp-content\/uploads\/sites\/6\/2023\/01\/Declaration-de-confidentialite.pdf\" type=\"application\/pdf\" style=\"width:100%;height:600px\" aria-label=\"Contenu embarqu\u00e9 T\u00e9l\u00e9charger.\"><\/object><a id=\"wp-block-file--media-b1c5f3c8-e99a-47da-9d90-a7771805fa62\" href=\"https:\/\/www.remo-recycling.ch\/wp-content\/uploads\/sites\/6\/2023\/01\/Declaration-de-confidentialite.pdf\" target=\"_blank\" rel=\"noreferrer noopener\">T\u00e9l\u00e9charger<\/a><\/div>\n<\/div><\/div>\n<\/div><\/div>\n","protected":false},"excerpt":{"rendered":"<p>Remo Recycling AGPortstrasse 402555 Br\u00fcgg Gestion de projetGebelGebel, B\u00fcro f\u00fcr \u00d6ffentlichkeitsarbeit, Biel\/Biennewww.gebel.ch R\u00e9dactionRonny Kummer Kommunikation, Bernwww.ronnykummer.ch Conception graphique et programmationGFF Integrative Kommunikation GmbHwww.gff.ch D\u00e9claration de&hellip;<\/p>\n","protected":false},"author":2,"featured_media":222,"parent":0,"menu_order":900,"comment_status":"closed","ping_status":"closed","template":"","meta":{"inline_featured_image":false,"_uag_custom_page_level_css":"","pgc_sgb_lightbox_settings":"","footnotes":""},"class_list":["post-278","page","type-page","status-publish","has-post-thumbnail","hentry"],"aioseo_notices":[],"uagb_featured_image_src":{"full":["https:\/\/www.remo-recycling.ch\/wp-content\/uploads\/sites\/6\/2021\/12\/header_impressum-scaled.jpg",2560,853,false],"thumbnail":["https:\/\/www.remo-recycling.ch\/wp-content\/uploads\/sites\/6\/2021\/12\/header_impressum-150x150.jpg",150,150,true],"medium":["https:\/\/www.remo-recycling.ch\/wp-content\/uploads\/sites\/6\/2021\/12\/header_impressum-300x100.jpg",300,100,true],"medium_large":["https:\/\/www.remo-recycling.ch\/wp-content\/uploads\/sites\/6\/2021\/12\/header_impressum-768x256.jpg",768,256,true],"large":["https:\/\/www.remo-recycling.ch\/wp-content\/uploads\/sites\/6\/2021\/12\/header_impressum-1024x341.jpg",843,281,true],"1536x1536":["https:\/\/www.remo-recycling.ch\/wp-content\/uploads\/sites\/6\/2021\/12\/header_impressum-1536x512.jpg",1536,512,true],"2048x2048":["https:\/\/www.remo-recycling.ch\/wp-content\/uploads\/sites\/6\/2021\/12\/header_impressum-2048x683.jpg",2048,683,true]},"uagb_author_info":{"display_name":"gffh","author_link":"https:\/\/www.remo-recycling.ch\/fr\/author\/gffh\/"},"uagb_comment_info":0,"uagb_excerpt":"Remo Recycling AGPortstrasse 402555 Br\u00fcgg Gestion de projetGebelGebel, B\u00fcro f\u00fcr \u00d6ffentlichkeitsarbeit, Biel\/Biennewww.gebel.ch R\u00e9dactionRonny Kummer Kommunikation, Bernwww.ronnykummer.ch Conception graphique et programmationGFF Integrative Kommunikation GmbHwww.gff.ch D\u00e9claration de&hellip;","_links":{"self":[{"href":"https:\/\/www.remo-recycling.ch\/fr\/wp-json\/wp\/v2\/pages\/278","targetHints":{"allow":["GET"]}}],"collection":[{"href":"https:\/\/www.remo-recycling.ch\/fr\/wp-json\/wp\/v2\/pages"}],"about":[{"href":"https:\/\/www.remo-recycling.ch\/fr\/wp-json\/wp\/v2\/types\/page"}],"author":[{"embeddable":true,"href":"https:\/\/www.remo-recycling.ch\/fr\/wp-json\/wp\/v2\/users\/2"}],"replies":[{"embeddable":true,"href":"https:\/\/www.remo-recycling.ch\/fr\/wp-json\/wp\/v2\/comments?post=278"}],"version-history":[{"count":4,"href":"https:\/\/www.remo-recycling.ch\/fr\/wp-json\/wp\/v2\/pages\/278\/revisions"}],"predecessor-version":[{"id":435,"href":"https:\/\/www.remo-recycling.ch\/fr\/wp-json\/wp\/v2\/pages\/278\/revisions\/435"}],"wp:featuredmedia":[{"embeddable":true,"href":"https:\/\/www.remo-recycling.ch\/fr\/wp-json\/wp\/v2\/media\/222"}],"wp:attachment":[{"href":"https:\/\/www.remo-recycling.ch\/fr\/wp-json\/wp\/v2\/media?parent=278"}],"curies":[{"name":"wp","href":"https:\/\/api.w.org\/{rel}","templated":true}]}}