{"id":419,"date":"2022-02-28T10:16:42","date_gmt":"2022-02-28T09:16:42","guid":{"rendered":"https:\/\/www.remo-recycling.ch\/?page_id=419"},"modified":"2026-04-15T14:27:32","modified_gmt":"2026-04-15T12:27:32","slug":"postes-vacants","status":"publish","type":"page","link":"https:\/\/www.remo-recycling.ch\/fr\/postes-vacants\/","title":{"rendered":"Postes vacants"},"content":{"rendered":"\n<div class=\"wp-block-group alignfull has-white-background-color has-background\"><div class=\"wp-block-group__inner-container is-layout-flow wp-block-group-is-layout-flow\">\n<div class=\"wp-block-group\"><div class=\"wp-block-group__inner-container is-layout-flow wp-block-group-is-layout-flow\">\n<h2 class=\"wp-block-heading\">Emplois chez le groupe HURNI<\/h2>\n\n\n\n<p class=\"lead\">L\u2019entreprise Remo Recycling S.A. trie les d\u00e9chets de chantier et les objets encombrants et les pr\u00e9pare au recyclage \u2013 un maillon important du cycle de recyclage dans notre r\u00e9gion.<\/p>\n\n\n\n<p>Nous offrons un poste vari\u00e9 et passionnant avec effet imm\u00e9diat ou sur rendez-vous en tant que\u2026<\/p>\n<\/div><\/div>\n<\/div><\/div>\n\n\n\n<div class=\"wp-block-group alignfull has-gray-light-background-color has-background\"><div class=\"wp-block-group__inner-container is-layout-constrained wp-block-group-is-layout-constrained\">\n<div class=\"wp-block-group\"><div class=\"wp-block-group__inner-container is-layout-constrained wp-block-group-is-layout-constrained\">\n<div class=\"wp-block-columns is-layout-flex wp-container-core-columns-is-layout-9d6595d7 wp-block-columns-is-layout-flex\">\n<div class=\"wp-block-column is-layout-flow wp-block-column-is-layout-flow\" style=\"flex-basis:20%\">\n<p>13.04.2026<\/p>\n<\/div>\n\n\n\n<div class=\"wp-block-column is-layout-flow wp-block-column-is-layout-flow\">\n<h2 class=\"wp-block-heading\">Conducteur\/-trice de machines de chantier Centre de recyclage 100%<\/h2>\n\n\n\n<p><strong>Tes t\u00e2ches<\/strong><\/p>\n\n\n\n<ul class=\"wp-block-list\">\n<li>Maniement des machines de chantier dans le centre de recyclage (notamment les chargeuses sur pneus)<\/li>\n\n\n\n<li>Chargement, tri et gestion des mat\u00e9riaux de recyclage<\/li>\n\n\n\n<li>Assurer un \u00e9coulement fluide du flux de mat\u00e9riaux<\/li>\n\n\n\n<li>Remplacement de vacances \u00e0 la balance au sol pour v\u00e9hicules (contr\u00f4le des entr\u00e9es, pes\u00e9e, contact avec la client\u00e8le)<\/li>\n\n\n\n<li>Maniement de la pince de tri lors de remplacements de vacances<\/li>\n\n\n\n<li>Nettoyage, entretien et garantie de la pr\u00e9paration op\u00e9rationnelle des machines<\/li>\n<\/ul>\n\n\n\n<p><strong>Nos exigences<\/strong><\/p>\n\n\n\n<ul class=\"wp-block-list\">\n<li>Formation technique ou artisanale de base CFC dans la branche ou le secteur secondaire de la construction<\/li>\n\n\n\n<li>Exp\u00e9rience en tant que conducteur\/-trice de machines de chantier (id\u00e9alement dans le recyclage, le gravier ou la d\u00e9charge)<\/li>\n\n\n\n<li>Exp\u00e9rience pratique de chargeuses sur pneus, un atout \u00e9galement la pince de tri<\/li>\n\n\n\n<li>M\u00e9thode de travail ind\u00e9pendante, pr\u00e9cise et soucieuse de la qualit\u00e9<\/li>\n\n\n\n<li>Appr\u00e9ciation du contact avec la client\u00e8le et du travail d&rsquo;\u00e9quipe<\/li>\n\n\n\n<li>Bonne connaissance d&rsquo;allemand, le fran\u00e7ais est un atout<\/li>\n\n\n\n<li>Des comp\u00e9tences informatiques de base (pour la balance \/ les syst\u00e8mes) sont un atout<\/li>\n<\/ul>\n\n\n\n<p><strong>Nous offrons<\/strong><\/p>\n\n\n\n<ul class=\"wp-block-list\">\n<li>Entreprise g\u00e9r\u00e9e de mani\u00e8re durable<\/li>\n\n\n\n<li>Bonne ambiance de travail dans une entreprise familiale<\/li>\n\n\n\n<li>Activit\u00e9 int\u00e9ressante, vari\u00e9e et avec des responsabilit\u00e9s<\/li>\n\n\n\n<li>R\u00e9mun\u00e9ration contemporaine et bonnes prestations sociales<\/li>\n\n\n\n<li>Formations continues r\u00e9guli\u00e8res<\/li>\n<\/ul>\n\n\n\n<p>Tu te reconnais?\u00a0Alors envoie ta candidature compl\u00e8te par e-mail \u00e0 <a href=\"mailto:personal@hurniag.ch\" target=\"_blank\" rel=\"noopener\" title=\"\">personal@hurniag.ch<\/a>.<\/p>\n\n\n\n<p>Mme Tanja Riem, responsable du personnel, est disponible chaque matin pour toute question au 032 397 00 35.<\/p>\n<\/div>\n<\/div>\n<\/div><\/div>\n<\/div><\/div>\n","protected":false},"excerpt":{"rendered":"<p>Emplois chez le groupe HURNI L\u2019entreprise Remo Recycling S.A. trie les d\u00e9chets de chantier et les objets encombrants et les pr\u00e9pare au recyclage \u2013 un&hellip;<\/p>\n","protected":false},"author":2,"featured_media":424,"parent":0,"menu_order":350,"comment_status":"closed","ping_status":"closed","template":"","meta":{"inline_featured_image":false,"_uag_custom_page_level_css":"","pgc_sgb_lightbox_settings":"","footnotes":""},"class_list":["post-419","page","type-page","status-publish","has-post-thumbnail","hentry"],"aioseo_notices":[],"uagb_featured_image_src":{"full":["https:\/\/www.remo-recycling.ch\/wp-content\/uploads\/sites\/6\/2022\/12\/header_stellen-scaled.jpg",2560,1280,false],"thumbnail":["https:\/\/www.remo-recycling.ch\/wp-content\/uploads\/sites\/6\/2022\/12\/header_stellen-150x150.jpg",150,150,true],"medium":["https:\/\/www.remo-recycling.ch\/wp-content\/uploads\/sites\/6\/2022\/12\/header_stellen-300x150.jpg",300,150,true],"medium_large":["https:\/\/www.remo-recycling.ch\/wp-content\/uploads\/sites\/6\/2022\/12\/header_stellen-768x384.jpg",768,384,true],"large":["https:\/\/www.remo-recycling.ch\/wp-content\/uploads\/sites\/6\/2022\/12\/header_stellen-1024x512.jpg",843,422,true],"1536x1536":["https:\/\/www.remo-recycling.ch\/wp-content\/uploads\/sites\/6\/2022\/12\/header_stellen-1536x768.jpg",1536,768,true],"2048x2048":["https:\/\/www.remo-recycling.ch\/wp-content\/uploads\/sites\/6\/2022\/12\/header_stellen-2048x1024.jpg",2048,1024,true]},"uagb_author_info":{"display_name":"gffh","author_link":"https:\/\/www.remo-recycling.ch\/fr\/author\/gffh\/"},"uagb_comment_info":0,"uagb_excerpt":"Emplois chez le groupe HURNI L\u2019entreprise Remo Recycling S.A. trie les d\u00e9chets de chantier et les objets encombrants et les pr\u00e9pare au recyclage \u2013 un&hellip;","_links":{"self":[{"href":"https:\/\/www.remo-recycling.ch\/fr\/wp-json\/wp\/v2\/pages\/419","targetHints":{"allow":["GET"]}}],"collection":[{"href":"https:\/\/www.remo-recycling.ch\/fr\/wp-json\/wp\/v2\/pages"}],"about":[{"href":"https:\/\/www.remo-recycling.ch\/fr\/wp-json\/wp\/v2\/types\/page"}],"author":[{"embeddable":true,"href":"https:\/\/www.remo-recycling.ch\/fr\/wp-json\/wp\/v2\/users\/2"}],"replies":[{"embeddable":true,"href":"https:\/\/www.remo-recycling.ch\/fr\/wp-json\/wp\/v2\/comments?post=419"}],"version-history":[{"count":11,"href":"https:\/\/www.remo-recycling.ch\/fr\/wp-json\/wp\/v2\/pages\/419\/revisions"}],"predecessor-version":[{"id":663,"href":"https:\/\/www.remo-recycling.ch\/fr\/wp-json\/wp\/v2\/pages\/419\/revisions\/663"}],"wp:featuredmedia":[{"embeddable":true,"href":"https:\/\/www.remo-recycling.ch\/fr\/wp-json\/wp\/v2\/media\/424"}],"wp:attachment":[{"href":"https:\/\/www.remo-recycling.ch\/fr\/wp-json\/wp\/v2\/media?parent=419"}],"curies":[{"name":"wp","href":"https:\/\/api.w.org\/{rel}","templated":true}]}}